{"id":2,"date":"2020-06-24T14:37:40","date_gmt":"2020-06-24T14:37:40","guid":{"rendered":"http:\/\/edusafe.pl\/?page_id=2"},"modified":"2020-07-20T17:45:00","modified_gmt":"2020-07-20T17:45:00","slug":"sample-page","status":"publish","type":"page","link":"https:\/\/edusafe.pl\/","title":{"rendered":"Edusafe &#8211; obs\u0142uga bhp firm"},"content":{"rendered":"\n<p>Zajmujemy si\u0119 kompleksow\u0105 obs\u0142ug\u0105 firm pod k\u0105tem bezpiecze\u0144stwa i higieny pracy. Charakteryzuje nas do\u015bwiadczenie zar\u00f3wno w bran\u017cach handlowych jak i przemy\u015ble. Oferujemy mo\u017cliwo\u015b\u0107 wsp\u00f3\u0142pracy na atrakcyjnych dla Ciebie warunkach.<br>Oferujemy w ramach pojedynczych us\u0142ug:<br>&#8211; szkolenia wst\u0119pne i okresowe pracownik\u00f3w,<br>&#8211; audyt bhp Twojej firmy,<br>&#8211; pomo\u017cemy Ci przeprowadzi\u0107 badania \u015brodowiska pracy (je\u017celi b\u0119dzie taka potrzeba),<br>&#8211; przeprowadzimy post\u0119powanie powypadkowe,<br>&#8211; opracujemy ocen\u0119 ryzyka zawodowego na wszystkich Twoich stanowiskach,<br>&#8211; zadbamy o odpowiedni dob\u00f3r \u015brodk\u00f3w ochrony indywidualnej Twoich pracownik\u00f3w,<br>&#8211; zadbamy w pe\u0142n\u0105 dokumentacj\u0119 bhp jak\u0105 powiniene\u015b posiada\u0107 w swojej firmie.<br>Wszystkie te elementy mo\u017cesz nam zleci\u0107 pojedynczo lub mo\u017cemy prowadzi\u0107 obs\u0142ug\u0119 Twojej firmy w ramach sta\u0142ej wsp\u00f3\u0142pracy.<\/p>\n","protected":false},"excerpt":{"rendered":"<p>Zajmujemy si\u0119 kompleksow\u0105 obs\u0142ug\u0105 firm pod k\u0105tem bezpiecze\u0144stwa i higieny pracy. Charakteryzuje nas do\u015bwiadczenie zar\u00f3wno w bran\u017cach handlowych jak i przemy\u015ble. Oferujemy mo\u017cliwo\u015b\u0107 wsp\u00f3\u0142pracy na atrakcyjnych dla Ciebie warunkach.Oferujemy w ramach pojedynczych us\u0142ug:&#8211; szkolenia wst\u0119pne i okresowe pracownik\u00f3w,&#8211; audyt bhp Twojej firmy,&#8211; pomo\u017cemy Ci przeprowadzi\u0107 badania \u015brodowiska pracy (je\u017celi b\u0119dzie taka potrzeba),&#8211; przeprowadzimy post\u0119powanie powypadkowe,&#8211; &#8230; <a title=\"Edusafe &#8211; obs\u0142uga bhp firm\" class=\"read-more\" href=\"https:\/\/edusafe.pl\/\" aria-label=\"Dowiedz si\u0119 wi\u0119cej o Edusafe &#8211; obs\u0142uga bhp firm\">Dowiedz si\u0119 wi\u0119cej<\/a><\/p>\n","protected":false},"author":1,"featured_media":38,"parent":0,"menu_order":0,"comment_status":"closed","ping_status":"open","template":"","meta":{"footnotes":""},"class_list":["post-2","page","type-page","status-publish","has-post-thumbnail"],"yoast_head":"<!-- This site is optimized with the Yoast SEO plugin v27.3 - https:\/\/yoast.com\/product\/yoast-seo-wordpress\/ -->\n<title>Edusafe - obs\u0142uga bhp firm - Edusafe<\/title>\n<meta name=\"robots\" content=\"index, follow, max-snippet:-1, max-image-preview:large, max-video-preview:-1\" \/>\n<link rel=\"canonical\" href=\"https:\/\/edusafe.pl\/\" \/>\n<meta property=\"og:locale\" content=\"pl_PL\" \/>\n<meta property=\"og:type\" content=\"article\" \/>\n<meta property=\"og:title\" content=\"Edusafe - obs\u0142uga bhp firm - Edusafe\" \/>\n<meta property=\"og:description\" content=\"Zajmujemy si\u0119 kompleksow\u0105 obs\u0142ug\u0105 firm pod k\u0105tem bezpiecze\u0144stwa i higieny pracy. Charakteryzuje nas do\u015bwiadczenie zar\u00f3wno w bran\u017cach handlowych jak i przemy\u015ble. Oferujemy mo\u017cliwo\u015b\u0107 wsp\u00f3\u0142pracy na atrakcyjnych dla Ciebie warunkach.Oferujemy w ramach pojedynczych us\u0142ug:&#8211; szkolenia wst\u0119pne i okresowe pracownik\u00f3w,&#8211; audyt bhp Twojej firmy,&#8211; pomo\u017cemy Ci przeprowadzi\u0107 badania \u015brodowiska pracy (je\u017celi b\u0119dzie taka potrzeba),&#8211; przeprowadzimy post\u0119powanie powypadkowe,&#8211; ... Dowiedz si\u0119 wi\u0119cej\" \/>\n<meta property=\"og:url\" content=\"https:\/\/edusafe.pl\/\" \/>\n<meta property=\"og:site_name\" content=\"Edusafe\" \/>\n<meta property=\"article:modified_time\" content=\"2020-07-20T17:45:00+00:00\" \/>\n<meta property=\"og:image\" content=\"https:\/\/edusafe.pl\/wp-content\/uploads\/2020\/07\/EDUSAFe2.png\" \/>\n\t<meta property=\"og:image:width\" content=\"2000\" \/>\n\t<meta property=\"og:image:height\" content=\"1200\" \/>\n\t<meta property=\"og:image:type\" content=\"image\/png\" \/>\n<meta name=\"twitter:card\" content=\"summary_large_image\" \/>\n<meta name=\"twitter:label1\" content=\"Szacowany czas czytania\" \/>\n\t<meta name=\"twitter:data1\" content=\"1 minuta\" \/>\n<script type=\"application\/ld+json\" class=\"yoast-schema-graph\">{\"@context\":\"https:\\\/\\\/schema.org\",\"@graph\":[{\"@type\":\"WebPage\",\"@id\":\"https:\\\/\\\/edusafe.pl\\\/\",\"url\":\"https:\\\/\\\/edusafe.pl\\\/\",\"name\":\"Edusafe - obs\u0142uga bhp firm - Edusafe\",\"isPartOf\":{\"@id\":\"https:\\\/\\\/edusafe.pl\\\/#website\"},\"primaryImageOfPage\":{\"@id\":\"https:\\\/\\\/edusafe.pl\\\/#primaryimage\"},\"image\":{\"@id\":\"https:\\\/\\\/edusafe.pl\\\/#primaryimage\"},\"thumbnailUrl\":\"https:\\\/\\\/edusafe.pl\\\/wp-content\\\/uploads\\\/2020\\\/07\\\/EDUSAFe2.png\",\"datePublished\":\"2020-06-24T14:37:40+00:00\",\"dateModified\":\"2020-07-20T17:45:00+00:00\",\"breadcrumb\":{\"@id\":\"https:\\\/\\\/edusafe.pl\\\/#breadcrumb\"},\"inLanguage\":\"pl-PL\",\"potentialAction\":[{\"@type\":\"ReadAction\",\"target\":[\"https:\\\/\\\/edusafe.pl\\\/\"]}]},{\"@type\":\"ImageObject\",\"inLanguage\":\"pl-PL\",\"@id\":\"https:\\\/\\\/edusafe.pl\\\/#primaryimage\",\"url\":\"https:\\\/\\\/edusafe.pl\\\/wp-content\\\/uploads\\\/2020\\\/07\\\/EDUSAFe2.png\",\"contentUrl\":\"https:\\\/\\\/edusafe.pl\\\/wp-content\\\/uploads\\\/2020\\\/07\\\/EDUSAFe2.png\",\"width\":2000,\"height\":1200},{\"@type\":\"BreadcrumbList\",\"@id\":\"https:\\\/\\\/edusafe.pl\\\/#breadcrumb\",\"itemListElement\":[{\"@type\":\"ListItem\",\"position\":1,\"name\":\"Strona g\u0142\u00f3wna\",\"item\":\"https:\\\/\\\/edusafe.pl\\\/\"},{\"@type\":\"ListItem\",\"position\":2,\"name\":\"Edusafe &#8211; obs\u0142uga bhp firm\"}]},{\"@type\":\"WebSite\",\"@id\":\"https:\\\/\\\/edusafe.pl\\\/#website\",\"url\":\"https:\\\/\\\/edusafe.pl\\\/\",\"name\":\"Edusafe\",\"description\":\"profesjonalna obs\u0142uga bhp firm\",\"potentialAction\":[{\"@type\":\"SearchAction\",\"target\":{\"@type\":\"EntryPoint\",\"urlTemplate\":\"https:\\\/\\\/edusafe.pl\\\/?s={search_term_string}\"},\"query-input\":{\"@type\":\"PropertyValueSpecification\",\"valueRequired\":true,\"valueName\":\"search_term_string\"}}],\"inLanguage\":\"pl-PL\"}]}<\/script>\n<!-- \/ Yoast SEO plugin. -->","yoast_head_json":{"title":"Edusafe - obs\u0142uga bhp firm - Edusafe","robots":{"index":"index","follow":"follow","max-snippet":"max-snippet:-1","max-image-preview":"max-image-preview:large","max-video-preview":"max-video-preview:-1"},"canonical":"https:\/\/edusafe.pl\/","og_locale":"pl_PL","og_type":"article","og_title":"Edusafe - obs\u0142uga bhp firm - Edusafe","og_description":"Zajmujemy si\u0119 kompleksow\u0105 obs\u0142ug\u0105 firm pod k\u0105tem bezpiecze\u0144stwa i higieny pracy. Charakteryzuje nas do\u015bwiadczenie zar\u00f3wno w bran\u017cach handlowych jak i przemy\u015ble. Oferujemy mo\u017cliwo\u015b\u0107 wsp\u00f3\u0142pracy na atrakcyjnych dla Ciebie warunkach.Oferujemy w ramach pojedynczych us\u0142ug:&#8211; szkolenia wst\u0119pne i okresowe pracownik\u00f3w,&#8211; audyt bhp Twojej firmy,&#8211; pomo\u017cemy Ci przeprowadzi\u0107 badania \u015brodowiska pracy (je\u017celi b\u0119dzie taka potrzeba),&#8211; przeprowadzimy post\u0119powanie powypadkowe,&#8211; ... Dowiedz si\u0119 wi\u0119cej","og_url":"https:\/\/edusafe.pl\/","og_site_name":"Edusafe","article_modified_time":"2020-07-20T17:45:00+00:00","og_image":[{"width":2000,"height":1200,"url":"https:\/\/edusafe.pl\/wp-content\/uploads\/2020\/07\/EDUSAFe2.png","type":"image\/png"}],"twitter_card":"summary_large_image","twitter_misc":{"Szacowany czas czytania":"1 minuta"},"schema":{"@context":"https:\/\/schema.org","@graph":[{"@type":"WebPage","@id":"https:\/\/edusafe.pl\/","url":"https:\/\/edusafe.pl\/","name":"Edusafe - obs\u0142uga bhp firm - Edusafe","isPartOf":{"@id":"https:\/\/edusafe.pl\/#website"},"primaryImageOfPage":{"@id":"https:\/\/edusafe.pl\/#primaryimage"},"image":{"@id":"https:\/\/edusafe.pl\/#primaryimage"},"thumbnailUrl":"https:\/\/edusafe.pl\/wp-content\/uploads\/2020\/07\/EDUSAFe2.png","datePublished":"2020-06-24T14:37:40+00:00","dateModified":"2020-07-20T17:45:00+00:00","breadcrumb":{"@id":"https:\/\/edusafe.pl\/#breadcrumb"},"inLanguage":"pl-PL","potentialAction":[{"@type":"ReadAction","target":["https:\/\/edusafe.pl\/"]}]},{"@type":"ImageObject","inLanguage":"pl-PL","@id":"https:\/\/edusafe.pl\/#primaryimage","url":"https:\/\/edusafe.pl\/wp-content\/uploads\/2020\/07\/EDUSAFe2.png","contentUrl":"https:\/\/edusafe.pl\/wp-content\/uploads\/2020\/07\/EDUSAFe2.png","width":2000,"height":1200},{"@type":"BreadcrumbList","@id":"https:\/\/edusafe.pl\/#breadcrumb","itemListElement":[{"@type":"ListItem","position":1,"name":"Strona g\u0142\u00f3wna","item":"https:\/\/edusafe.pl\/"},{"@type":"ListItem","position":2,"name":"Edusafe &#8211; obs\u0142uga bhp firm"}]},{"@type":"WebSite","@id":"https:\/\/edusafe.pl\/#website","url":"https:\/\/edusafe.pl\/","name":"Edusafe","description":"profesjonalna obs\u0142uga bhp firm","potentialAction":[{"@type":"SearchAction","target":{"@type":"EntryPoint","urlTemplate":"https:\/\/edusafe.pl\/?s={search_term_string}"},"query-input":{"@type":"PropertyValueSpecification","valueRequired":true,"valueName":"search_term_string"}}],"inLanguage":"pl-PL"}]}},"_links":{"self":[{"href":"https:\/\/edusafe.pl\/index.php\/wp-json\/wp\/v2\/pages\/2","targetHints":{"allow":["GET"]}}],"collection":[{"href":"https:\/\/edusafe.pl\/index.php\/wp-json\/wp\/v2\/pages"}],"about":[{"href":"https:\/\/edusafe.pl\/index.php\/wp-json\/wp\/v2\/types\/page"}],"author":[{"embeddable":true,"href":"https:\/\/edusafe.pl\/index.php\/wp-json\/wp\/v2\/users\/1"}],"replies":[{"embeddable":true,"href":"https:\/\/edusafe.pl\/index.php\/wp-json\/wp\/v2\/comments?post=2"}],"version-history":[{"count":4,"href":"https:\/\/edusafe.pl\/index.php\/wp-json\/wp\/v2\/pages\/2\/revisions"}],"predecessor-version":[{"id":79,"href":"https:\/\/edusafe.pl\/index.php\/wp-json\/wp\/v2\/pages\/2\/revisions\/79"}],"wp:featuredmedia":[{"embeddable":true,"href":"https:\/\/edusafe.pl\/index.php\/wp-json\/wp\/v2\/media\/38"}],"wp:attachment":[{"href":"https:\/\/edusafe.pl\/index.php\/wp-json\/wp\/v2\/media?parent=2"}],"curies":[{"name":"wp","href":"https:\/\/api.w.org\/{rel}","templated":true}]}}